{"id":9,"date":"2021-02-11T21:13:58","date_gmt":"2021-02-11T20:13:58","guid":{"rendered":"http:\/\/sacha.studio\/?page_id=9"},"modified":"2022-10-27T08:48:56","modified_gmt":"2022-10-27T06:48:56","slug":"projects","status":"publish","type":"page","link":"https:\/\/sacha.studio\/?page_id=9","title":{"rendered":"&#8220;ar bleu\u00f1v&#8221; Boniface Poupon"},"content":{"rendered":"\n<figure class=\"wp-block-image size-large\"><img loading=\"lazy\" width=\"583\" height=\"758\" src=\"http:\/\/sacha.studio\/wp-content\/uploads\/2022\/10\/Capture-de\u0301cran-2022-10-26-a\u0300-22.56.36.png\" alt=\"\" class=\"wp-image-298\" srcset=\"https:\/\/sacha.studio\/wp-content\/uploads\/2022\/10\/Capture-de\u0301cran-2022-10-26-a\u0300-22.56.36.png 583w, https:\/\/sacha.studio\/wp-content\/uploads\/2022\/10\/Capture-de\u0301cran-2022-10-26-a\u0300-22.56.36-231x300.png 231w\" sizes=\"(max-width: 583px) 100vw, 583px\" \/><figcaption><a href=\"https:\/\/kavyar.com\/imirage-magazine\" target=\"_blank\" rel=\"noreferrer noopener\">iMirage<\/a> issue #1492 october 2022.<\/figcaption><\/figure>\n\n\n\n<p><strong>\u201car bleu\u00f1v\u201d<\/strong><\/p>\n\n\n\n<p>\u201cFleurs\u201d en fran\u00e7ais, est un projet photographique et visuel mettant en sc\u00e8ne des corps, des gestes, des attitudes, comme support de projection \u00e0 des fleurs.<\/p>\n\n\n\n<p>L&#8217;objectif est d&#8217;avoir une photo unique par mod\u00e8le et une fleur diff\u00e9rente pour chaque photo.<\/p>\n\n\n\n<p>Le choix de la fleur est partag\u00e9 et refl\u00e8te ainsi un moment, une r\u00e9flexion et une d\u00e9marche commune avec la ou le mod\u00e8le, ainsi plac\u00e9(e) au centre du projet.<\/p>\n\n\n\n<p>La peau et la fleur m\u00e9langeants organe animal et v\u00e9g\u00e9tal montrent, ou cachent sans une certaine pudeur, le temps d&#8217;un instant captur\u00e9, nos \u00e2mes.<\/p>\n\n\n\n<p>\u2014<\/p>\n\n\n\n<p>\u201car bleu\u00f1v\u201d means Flowers. It&#8217;s a photographic and visual project featurings bodies, movements, attitudes as a projection support for flowers.<\/p>\n\n\n\n<p>The goal is to have a unique photo per model and a different flower for each photo.<\/p>\n\n\n\n<p>Choosing the flower with the model is important. This highlights a common approach and a shared and unique moment between the photographer and the model. It really places the model in the center of the project.<\/p>\n\n\n\n<p>The skin and the flower mixing animal and vegetal organs, show or hide, with a certain bashfullness and for a moment only, our captured souls.<\/p>\n\n\n\n<p><a rel=\"noreferrer noopener\" href=\"https:\/\/href.li\/?mailto:boniface.poupon@gmail.com\" target=\"_blank\">boniface.poupon@gmail.com<\/a> (join me on <a href=\"https:\/\/www.instagram.com\/boniface_poupon\/\" target=\"_blank\" rel=\"noreferrer noopener\">Instgaram !<\/a>)<\/p>\n\n\n\n<figure class=\"wp-block-image size-large is-resized\"><img loading=\"lazy\" src=\"https:\/\/sacha.studio\/wp-content\/uploads\/2022\/08\/tumblr_inline_rds10rOb7l1wr5y1j_500.png\" alt=\"\" class=\"wp-image-268\" width=\"579\" height=\"434\" srcset=\"https:\/\/sacha.studio\/wp-content\/uploads\/2022\/08\/tumblr_inline_rds10rOb7l1wr5y1j_500.png 500w, https:\/\/sacha.studio\/wp-content\/uploads\/2022\/08\/tumblr_inline_rds10rOb7l1wr5y1j_500-300x225.png 300w\" sizes=\"(max-width: 579px) 100vw, 579px\" \/><\/figure>\n\n\n\n<figure class=\"wp-block-image size-large is-resized\"><img src=\"https:\/\/sacha.studio\/wp-content\/uploads\/2022\/08\/ambre-site-1024x772.jpg\" alt=\"\" class=\"wp-image-269\" width=\"579\" srcset=\"https:\/\/sacha.studio\/wp-content\/uploads\/2022\/08\/ambre-site-1024x772.jpg 1024w, https:\/\/sacha.studio\/wp-content\/uploads\/2022\/08\/ambre-site-300x226.jpg 300w, https:\/\/sacha.studio\/wp-content\/uploads\/2022\/08\/ambre-site-768x579.jpg 768w, https:\/\/sacha.studio\/wp-content\/uploads\/2022\/08\/ambre-site-1536x1157.jpg 1536w, https:\/\/sacha.studio\/wp-content\/uploads\/2022\/08\/ambre-site-2048x1543.jpg 2048w\" sizes=\"(max-width: 1024px) 100vw, 1024px\" \/><\/figure>\n\n\n\n<figure class=\"wp-block-image size-large is-resized\"><img src=\"https:\/\/sacha.studio\/wp-content\/uploads\/2022\/08\/Enki-site-1024x683.jpg\" alt=\"\" class=\"wp-image-267\" width=\"579\" srcset=\"https:\/\/sacha.studio\/wp-content\/uploads\/2022\/08\/Enki-site-1024x683.jpg 1024w, https:\/\/sacha.studio\/wp-content\/uploads\/2022\/08\/Enki-site-300x200.jpg 300w, https:\/\/sacha.studio\/wp-content\/uploads\/2022\/08\/Enki-site-768x512.jpg 768w, https:\/\/sacha.studio\/wp-content\/uploads\/2022\/08\/Enki-site-1536x1024.jpg 1536w, https:\/\/sacha.studio\/wp-content\/uploads\/2022\/08\/Enki-site-2048x1366.jpg 2048w\" sizes=\"(max-width: 1024px) 100vw, 1024px\" \/><\/figure>\n\n\n\n<figure class=\"wp-block-image size-large is-resized\"><img loading=\"lazy\" src=\"http:\/\/sacha.studio\/wp-content\/uploads\/2021\/02\/fleurs-01.png\" alt=\"\" class=\"wp-image-10\" width=\"579\" height=\"433\"\/><\/figure>\n\n\n\n<figure class=\"wp-block-image size-large is-resized\"><img src=\"https:\/\/sacha.studio\/wp-content\/uploads\/2021\/02\/Capture-de\u0301cran-2021-02-16-a\u0300-11.11.32-1024x682.png\" alt=\"\" class=\"wp-image-173\" width=\"579\" srcset=\"https:\/\/sacha.studio\/wp-content\/uploads\/2021\/02\/Capture-de\u0301cran-2021-02-16-a\u0300-11.11.32-1024x682.png 1024w, https:\/\/sacha.studio\/wp-content\/uploads\/2021\/02\/Capture-de\u0301cran-2021-02-16-a\u0300-11.11.32-300x200.png 300w, https:\/\/sacha.studio\/wp-content\/uploads\/2021\/02\/Capture-de\u0301cran-2021-02-16-a\u0300-11.11.32-768x512.png 768w, https:\/\/sacha.studio\/wp-content\/uploads\/2021\/02\/Capture-de\u0301cran-2021-02-16-a\u0300-11.11.32-1536x1023.png 1536w, https:\/\/sacha.studio\/wp-content\/uploads\/2021\/02\/Capture-de\u0301cran-2021-02-16-a\u0300-11.11.32-90x60.png 90w, https:\/\/sacha.studio\/wp-content\/uploads\/2021\/02\/Capture-de\u0301cran-2021-02-16-a\u0300-11.11.32.png 1887w\" sizes=\"(max-width: 1024px) 100vw, 1024px\" \/><\/figure>\n\n\n\n<figure class=\"wp-block-image size-large is-resized\"><img loading=\"lazy\" src=\"http:\/\/sacha.studio\/wp-content\/uploads\/2021\/02\/fleurs-03.png\" alt=\"\" class=\"wp-image-12\" width=\"579\" height=\"430\"\/><\/figure>\n\n\n\n<figure class=\"wp-block-image size-large is-resized\"><img loading=\"lazy\" src=\"http:\/\/sacha.studio\/wp-content\/uploads\/2021\/02\/fleurs-05.png\" alt=\"\" class=\"wp-image-14\" width=\"579\" height=\"385\" srcset=\"https:\/\/sacha.studio\/wp-content\/uploads\/2021\/02\/fleurs-05.png 453w, https:\/\/sacha.studio\/wp-content\/uploads\/2021\/02\/fleurs-05-300x200.png 300w\" sizes=\"(max-width: 579px) 100vw, 579px\" \/><\/figure>\n","protected":false},"excerpt":{"rendered":"<p>\u201car bleu\u00f1v\u201d \u201cFleurs\u201d en fran\u00e7ais, est un projet photographique et visuel mettant en sc\u00e8ne des corps, des gestes, des attitudes, comme support de projection \u00e0 des fleurs. L&#8217;objectif est d&#8217;avoir une photo unique par mod\u00e8le et une fleur diff\u00e9rente pour chaque photo. Le choix de la fleur est partag\u00e9 et refl\u00e8te ainsi un moment, une [&hellip;]<\/p>\n","protected":false},"author":1,"featured_media":169,"parent":0,"menu_order":0,"comment_status":"closed","ping_status":"closed","template":"","meta":[],"_links":{"self":[{"href":"https:\/\/sacha.studio\/index.php?rest_route=\/wp\/v2\/pages\/9"}],"collection":[{"href":"https:\/\/sacha.studio\/index.php?rest_route=\/wp\/v2\/pages"}],"about":[{"href":"https:\/\/sacha.studio\/index.php?rest_route=\/wp\/v2\/types\/page"}],"author":[{"embeddable":true,"href":"https:\/\/sacha.studio\/index.php?rest_route=\/wp\/v2\/users\/1"}],"replies":[{"embeddable":true,"href":"https:\/\/sacha.studio\/index.php?rest_route=%2Fwp%2Fv2%2Fcomments&post=9"}],"version-history":[{"count":12,"href":"https:\/\/sacha.studio\/index.php?rest_route=\/wp\/v2\/pages\/9\/revisions"}],"predecessor-version":[{"id":301,"href":"https:\/\/sacha.studio\/index.php?rest_route=\/wp\/v2\/pages\/9\/revisions\/301"}],"wp:featuredmedia":[{"embeddable":true,"href":"https:\/\/sacha.studio\/index.php?rest_route=\/wp\/v2\/media\/169"}],"wp:attachment":[{"href":"https:\/\/sacha.studio\/index.php?rest_route=%2Fwp%2Fv2%2Fmedia&parent=9"}],"curies":[{"name":"wp","href":"https:\/\/api.w.org\/{rel}","templated":true}]}}